{"id":5507,"date":"2022-05-16T18:23:46","date_gmt":"2022-05-16T18:23:46","guid":{"rendered":"https:\/\/bentos.cl\/ventas\/?post_type=product&#038;p=5507"},"modified":"2022-05-16T20:17:09","modified_gmt":"2022-05-16T20:17:09","slug":"sonar-de-barrido-lateral","status":"publish","type":"product","link":"https:\/\/bentos.cl\/ventas\/producto\/sonar-de-barrido-lateral\/","title":{"rendered":"MA-X VIEW 600"},"content":{"rendered":"<p>Klein Marine Systems presenta el primer Sonar de Barrido Lateral (SSS) con cobertura total de la industria; es decir, en estos registros no se observa la t\u00edpica banda central ciega o sin datos (zona nadir) presente en los levantamientos con otros SSS. El Sonar de Barrido Lateral MA-X VIEW 600, ofrece im\u00e1genes de 600 kHz enfocadas y sin precedentes, en un rango \u00f3ptimo de 50 metros por lado con capacidad de alcanzar los 120 metros por lado.<\/p>\n<p>La tecnolog\u00eda MA-X (patentada), proporciona im\u00e1genes de la banda central de levantamiento (zona nadir), con las mismas caracter\u00edsticas interpretativas del Sonar de Barrido Lateral mejorando los tiempos de levantamiento en aproximadamente un 40%. La calidad de imagen superior, combinada con un aumento en la eficiencia de levantamiento, confieren a este instrumento caracter\u00edsticas \u00fanicas e inigualables.<\/p>\n<p><iframe loading=\"lazy\" title=\"YouTube video player\" src=\"https:\/\/www.youtube.com\/embed\/K3ITmKN1hEw\" width=\"560\" height=\"315\" frameborder=\"0\" allowfullscreen=\"allowfullscreen\"><\/iframe><\/p>\n","protected":false},"excerpt":{"rendered":"<p>MARCA KLEIN<\/p>\n<p><a href=\"https:\/\/mind-technology.com\/wp-content\/uploads\/2021\/03\/MIND_Klein_MA-X_View_600.pdf\">SONAR DE BARRIDO LATERAL<\/a><\/p>\n<p><a href=\"https:\/\/mind-technology.com\/wp-content\/uploads\/2021\/03\/MIND_Klein_MA-X_View_600.pdf\">Especificaciones<\/a><\/p>\n<p>&nbsp;<\/p>\n","protected":false},"featured_media":5517,"comment_status":"open","ping_status":"closed","template":"","meta":{"nf_dc_page":"","om_disable_all_campaigns":false},"product_brand":[],"product_cat":[33],"product_tag":[],"class_list":{"0":"post-5507","1":"product","2":"type-product","3":"status-publish","4":"has-post-thumbnail","6":"product_cat-ecosondas","8":"first","9":"instock","10":"shipping-taxable","11":"product-type-simple"},"yoast_head":"<!-- This site is optimized with the Yoast SEO plugin v27.4 - https:\/\/yoast.com\/product\/yoast-seo-wordpress\/ -->\n<title>MA-X VIEW 600 - Ventas Bentos<\/title>\n<meta name=\"description\" content=\"Sonar de barrido lateral para exploraci\u00f3n submarina\" \/>\n<meta name=\"robots\" content=\"index, follow, max-snippet:-1, max-image-preview:large, max-video-preview:-1\" \/>\n<link rel=\"canonical\" href=\"https:\/\/bentos.cl\/ventas\/producto\/sonar-de-barrido-lateral\/\" \/>\n<meta property=\"og:locale\" content=\"es_ES\" \/>\n<meta property=\"og:type\" content=\"article\" \/>\n<meta property=\"og:title\" content=\"MA-X VIEW 600 - Ventas Bentos\" \/>\n<meta property=\"og:description\" content=\"Sonar de barrido lateral para exploraci\u00f3n submarina\" \/>\n<meta property=\"og:url\" content=\"https:\/\/bentos.cl\/ventas\/producto\/sonar-de-barrido-lateral\/\" \/>\n<meta property=\"og:site_name\" content=\"Ventas Bentos\" \/>\n<meta property=\"article:modified_time\" content=\"2022-05-16T20:17:09+00:00\" \/>\n<meta property=\"og:image\" content=\"https:\/\/bentos.cl\/ventas\/wp-content\/uploads\/2022\/05\/image2.png\" \/>\n\t<meta property=\"og:image:width\" content=\"640\" \/>\n\t<meta property=\"og:image:height\" content=\"640\" \/>\n\t<meta property=\"og:image:type\" content=\"image\/png\" \/>\n<meta name=\"twitter:card\" content=\"summary_large_image\" \/>\n<meta name=\"twitter:label1\" content=\"Tiempo de lectura\" \/>\n\t<meta name=\"twitter:data1\" content=\"1 minuto\" \/>\n<script type=\"application\/ld+json\" class=\"yoast-schema-graph\">{\"@context\":\"https:\\\/\\\/schema.org\",\"@graph\":[{\"@type\":\"WebPage\",\"@id\":\"https:\\\/\\\/bentos.cl\\\/ventas\\\/producto\\\/sonar-de-barrido-lateral\\\/\",\"url\":\"https:\\\/\\\/bentos.cl\\\/ventas\\\/producto\\\/sonar-de-barrido-lateral\\\/\",\"name\":\"MA-X VIEW 600 - Ventas Bentos\",\"isPartOf\":{\"@id\":\"https:\\\/\\\/bentos.cl\\\/ventas\\\/#website\"},\"primaryImageOfPage\":{\"@id\":\"https:\\\/\\\/bentos.cl\\\/ventas\\\/producto\\\/sonar-de-barrido-lateral\\\/#primaryimage\"},\"image\":{\"@id\":\"https:\\\/\\\/bentos.cl\\\/ventas\\\/producto\\\/sonar-de-barrido-lateral\\\/#primaryimage\"},\"thumbnailUrl\":\"https:\\\/\\\/bentos.cl\\\/ventas\\\/wp-content\\\/uploads\\\/2022\\\/05\\\/image2.png\",\"datePublished\":\"2022-05-16T18:23:46+00:00\",\"dateModified\":\"2022-05-16T20:17:09+00:00\",\"description\":\"Sonar de barrido lateral para exploraci\u00f3n submarina\",\"breadcrumb\":{\"@id\":\"https:\\\/\\\/bentos.cl\\\/ventas\\\/producto\\\/sonar-de-barrido-lateral\\\/#breadcrumb\"},\"inLanguage\":\"es\",\"potentialAction\":[{\"@type\":\"ReadAction\",\"target\":[\"https:\\\/\\\/bentos.cl\\\/ventas\\\/producto\\\/sonar-de-barrido-lateral\\\/\"]}]},{\"@type\":\"ImageObject\",\"inLanguage\":\"es\",\"@id\":\"https:\\\/\\\/bentos.cl\\\/ventas\\\/producto\\\/sonar-de-barrido-lateral\\\/#primaryimage\",\"url\":\"https:\\\/\\\/bentos.cl\\\/ventas\\\/wp-content\\\/uploads\\\/2022\\\/05\\\/image2.png\",\"contentUrl\":\"https:\\\/\\\/bentos.cl\\\/ventas\\\/wp-content\\\/uploads\\\/2022\\\/05\\\/image2.png\",\"width\":640,\"height\":640},{\"@type\":\"BreadcrumbList\",\"@id\":\"https:\\\/\\\/bentos.cl\\\/ventas\\\/producto\\\/sonar-de-barrido-lateral\\\/#breadcrumb\",\"itemListElement\":[{\"@type\":\"ListItem\",\"position\":1,\"name\":\"Home\",\"item\":\"https:\\\/\\\/bentos.cl\\\/ventas\\\/\"},{\"@type\":\"ListItem\",\"position\":2,\"name\":\"Tienda\",\"item\":\"https:\\\/\\\/bentos.cl\\\/ventas\\\/tienda\\\/\"},{\"@type\":\"ListItem\",\"position\":3,\"name\":\"MA-X VIEW 600\"}]},{\"@type\":\"WebSite\",\"@id\":\"https:\\\/\\\/bentos.cl\\\/ventas\\\/#website\",\"url\":\"https:\\\/\\\/bentos.cl\\\/ventas\\\/\",\"name\":\"Ventas Bentos\",\"description\":\"Equipos a pedido\",\"potentialAction\":[{\"@type\":\"SearchAction\",\"target\":{\"@type\":\"EntryPoint\",\"urlTemplate\":\"https:\\\/\\\/bentos.cl\\\/ventas\\\/?s={search_term_string}\"},\"query-input\":{\"@type\":\"PropertyValueSpecification\",\"valueRequired\":true,\"valueName\":\"search_term_string\"}}],\"inLanguage\":\"es\"}]}<\/script>\n<!-- \/ Yoast SEO plugin. -->","yoast_head_json":{"title":"MA-X VIEW 600 - Ventas Bentos","description":"Sonar de barrido lateral para exploraci\u00f3n submarina","robots":{"index":"index","follow":"follow","max-snippet":"max-snippet:-1","max-image-preview":"max-image-preview:large","max-video-preview":"max-video-preview:-1"},"canonical":"https:\/\/bentos.cl\/ventas\/producto\/sonar-de-barrido-lateral\/","og_locale":"es_ES","og_type":"article","og_title":"MA-X VIEW 600 - Ventas Bentos","og_description":"Sonar de barrido lateral para exploraci\u00f3n submarina","og_url":"https:\/\/bentos.cl\/ventas\/producto\/sonar-de-barrido-lateral\/","og_site_name":"Ventas Bentos","article_modified_time":"2022-05-16T20:17:09+00:00","og_image":[{"width":640,"height":640,"url":"https:\/\/bentos.cl\/ventas\/wp-content\/uploads\/2022\/05\/image2.png","type":"image\/png"}],"twitter_card":"summary_large_image","twitter_misc":{"Tiempo de lectura":"1 minuto"},"schema":{"@context":"https:\/\/schema.org","@graph":[{"@type":"WebPage","@id":"https:\/\/bentos.cl\/ventas\/producto\/sonar-de-barrido-lateral\/","url":"https:\/\/bentos.cl\/ventas\/producto\/sonar-de-barrido-lateral\/","name":"MA-X VIEW 600 - Ventas Bentos","isPartOf":{"@id":"https:\/\/bentos.cl\/ventas\/#website"},"primaryImageOfPage":{"@id":"https:\/\/bentos.cl\/ventas\/producto\/sonar-de-barrido-lateral\/#primaryimage"},"image":{"@id":"https:\/\/bentos.cl\/ventas\/producto\/sonar-de-barrido-lateral\/#primaryimage"},"thumbnailUrl":"https:\/\/bentos.cl\/ventas\/wp-content\/uploads\/2022\/05\/image2.png","datePublished":"2022-05-16T18:23:46+00:00","dateModified":"2022-05-16T20:17:09+00:00","description":"Sonar de barrido lateral para exploraci\u00f3n submarina","breadcrumb":{"@id":"https:\/\/bentos.cl\/ventas\/producto\/sonar-de-barrido-lateral\/#breadcrumb"},"inLanguage":"es","potentialAction":[{"@type":"ReadAction","target":["https:\/\/bentos.cl\/ventas\/producto\/sonar-de-barrido-lateral\/"]}]},{"@type":"ImageObject","inLanguage":"es","@id":"https:\/\/bentos.cl\/ventas\/producto\/sonar-de-barrido-lateral\/#primaryimage","url":"https:\/\/bentos.cl\/ventas\/wp-content\/uploads\/2022\/05\/image2.png","contentUrl":"https:\/\/bentos.cl\/ventas\/wp-content\/uploads\/2022\/05\/image2.png","width":640,"height":640},{"@type":"BreadcrumbList","@id":"https:\/\/bentos.cl\/ventas\/producto\/sonar-de-barrido-lateral\/#breadcrumb","itemListElement":[{"@type":"ListItem","position":1,"name":"Home","item":"https:\/\/bentos.cl\/ventas\/"},{"@type":"ListItem","position":2,"name":"Tienda","item":"https:\/\/bentos.cl\/ventas\/tienda\/"},{"@type":"ListItem","position":3,"name":"MA-X VIEW 600"}]},{"@type":"WebSite","@id":"https:\/\/bentos.cl\/ventas\/#website","url":"https:\/\/bentos.cl\/ventas\/","name":"Ventas Bentos","description":"Equipos a pedido","potentialAction":[{"@type":"SearchAction","target":{"@type":"EntryPoint","urlTemplate":"https:\/\/bentos.cl\/ventas\/?s={search_term_string}"},"query-input":{"@type":"PropertyValueSpecification","valueRequired":true,"valueName":"search_term_string"}}],"inLanguage":"es"}]}},"jetpack_sharing_enabled":true,"_links":{"self":[{"href":"https:\/\/bentos.cl\/ventas\/wp-json\/wp\/v2\/product\/5507","targetHints":{"allow":["GET"]}}],"collection":[{"href":"https:\/\/bentos.cl\/ventas\/wp-json\/wp\/v2\/product"}],"about":[{"href":"https:\/\/bentos.cl\/ventas\/wp-json\/wp\/v2\/types\/product"}],"replies":[{"embeddable":true,"href":"https:\/\/bentos.cl\/ventas\/wp-json\/wp\/v2\/comments?post=5507"}],"wp:featuredmedia":[{"embeddable":true,"href":"https:\/\/bentos.cl\/ventas\/wp-json\/wp\/v2\/media\/5517"}],"wp:attachment":[{"href":"https:\/\/bentos.cl\/ventas\/wp-json\/wp\/v2\/media?parent=5507"}],"wp:term":[{"taxonomy":"product_brand","embeddable":true,"href":"https:\/\/bentos.cl\/ventas\/wp-json\/wp\/v2\/product_brand?post=5507"},{"taxonomy":"product_cat","embeddable":true,"href":"https:\/\/bentos.cl\/ventas\/wp-json\/wp\/v2\/product_cat?post=5507"},{"taxonomy":"product_tag","embeddable":true,"href":"https:\/\/bentos.cl\/ventas\/wp-json\/wp\/v2\/product_tag?post=5507"}],"curies":[{"name":"wp","href":"https:\/\/api.w.org\/{rel}","templated":true}]}}