{"id":5501,"date":"2022-05-16T15:10:11","date_gmt":"2022-05-16T15:10:11","guid":{"rendered":"https:\/\/bentos.cl\/ventas\/?post_type=product&#038;p=5501"},"modified":"2022-05-16T22:19:05","modified_gmt":"2022-05-16T22:19:05","slug":"toughboy-buoy-panchax-1-2","status":"publish","type":"product","link":"https:\/\/bentos.cl\/ventas\/producto\/toughboy-buoy-panchax-1-2\/","title":{"rendered":"BOYA TOUGHBOY PANCHAX 1.2"},"content":{"rendered":"<p>Las boyas EIVA ToughBoy Panchax 1.2, se utilizan en el monitoreo del puerto, estudios de ingenier\u00eda mar\u00edtima, ingenier\u00eda costera, estudios de energ\u00eda de olas y cualquier tipo de medici\u00f3n de olas y corrientes. En su versi\u00f3n est\u00e1ndar posee cuatro modelos. La elecci\u00f3n del modelo depende del ADCP para medir corrientes a instalar en la boya (1200, 600 o 300 kHz), o si desea comprar la boya de olas sin un ADCP.<\/p>\n<p>La transmisi\u00f3n de datos se realiza en forma satelital o red de telefon\u00eda celular.<\/p>\n<p><iframe loading=\"lazy\" title=\"YouTube video player\" src=\"https:\/\/www.youtube.com\/embed\/ecy-s25kKsU\" width=\"560\" height=\"315\" frameborder=\"0\" allowfullscreen=\"allowfullscreen\"><\/iframe><\/p>\n","protected":false},"excerpt":{"rendered":"<p>BOYA OCEANOGR\u00c1FICA<br \/>\nMARCA EIVA<br \/>\n<a href=\"https:\/\/www.eiva.com\/products\/hardware\/buoys-and-floats\/toughboy-wave-buoy\/toughboy-panchax-1-2-with-300-khz-adcp\">ESPECIFICACIONES<\/a><\/p>\n","protected":false},"featured_media":5503,"comment_status":"open","ping_status":"closed","template":"","meta":{"nf_dc_page":"","om_disable_all_campaigns":false},"product_brand":[],"product_cat":[15],"product_tag":[],"class_list":{"0":"post-5501","1":"product","2":"type-product","3":"status-publish","4":"has-post-thumbnail","6":"product_cat-boyas","8":"first","9":"instock","10":"shipping-taxable","11":"product-type-simple"},"yoast_head":"<!-- This site is optimized with the Yoast SEO plugin v27.4 - https:\/\/yoast.com\/product\/yoast-seo-wordpress\/ -->\n<title>BOYA TOUGHBOY PANCHAX 1.2 - Ventas Bentos<\/title>\n<meta name=\"description\" content=\"Boya oceanogr\u00e1fica\" \/>\n<meta name=\"robots\" content=\"index, follow, max-snippet:-1, max-image-preview:large, max-video-preview:-1\" \/>\n<link rel=\"canonical\" href=\"https:\/\/bentos.cl\/ventas\/producto\/toughboy-buoy-panchax-1-2\/\" \/>\n<meta property=\"og:locale\" content=\"es_ES\" \/>\n<meta property=\"og:type\" content=\"article\" \/>\n<meta property=\"og:title\" content=\"BOYA TOUGHBOY PANCHAX 1.2 - Ventas Bentos\" \/>\n<meta property=\"og:description\" content=\"Boya oceanogr\u00e1fica\" \/>\n<meta property=\"og:url\" content=\"https:\/\/bentos.cl\/ventas\/producto\/toughboy-buoy-panchax-1-2\/\" \/>\n<meta property=\"og:site_name\" content=\"Ventas Bentos\" \/>\n<meta property=\"article:modified_time\" content=\"2022-05-16T22:19:05+00:00\" \/>\n<meta property=\"og:image\" content=\"https:\/\/bentos.cl\/ventas\/wp-content\/uploads\/2022\/05\/E.TB_.PA_.ADCP300.jpg\" \/>\n\t<meta property=\"og:image:width\" content=\"1920\" \/>\n\t<meta property=\"og:image:height\" content=\"1080\" \/>\n\t<meta property=\"og:image:type\" content=\"image\/jpeg\" \/>\n<meta name=\"twitter:card\" content=\"summary_large_image\" \/>\n<meta name=\"twitter:label1\" content=\"Tiempo de lectura\" \/>\n\t<meta name=\"twitter:data1\" content=\"1 minuto\" \/>\n<script type=\"application\/ld+json\" class=\"yoast-schema-graph\">{\"@context\":\"https:\\\/\\\/schema.org\",\"@graph\":[{\"@type\":\"WebPage\",\"@id\":\"https:\\\/\\\/bentos.cl\\\/ventas\\\/producto\\\/toughboy-buoy-panchax-1-2\\\/\",\"url\":\"https:\\\/\\\/bentos.cl\\\/ventas\\\/producto\\\/toughboy-buoy-panchax-1-2\\\/\",\"name\":\"BOYA TOUGHBOY PANCHAX 1.2 - Ventas Bentos\",\"isPartOf\":{\"@id\":\"https:\\\/\\\/bentos.cl\\\/ventas\\\/#website\"},\"primaryImageOfPage\":{\"@id\":\"https:\\\/\\\/bentos.cl\\\/ventas\\\/producto\\\/toughboy-buoy-panchax-1-2\\\/#primaryimage\"},\"image\":{\"@id\":\"https:\\\/\\\/bentos.cl\\\/ventas\\\/producto\\\/toughboy-buoy-panchax-1-2\\\/#primaryimage\"},\"thumbnailUrl\":\"https:\\\/\\\/bentos.cl\\\/ventas\\\/wp-content\\\/uploads\\\/2022\\\/05\\\/E.TB_.PA_.ADCP300.jpg\",\"datePublished\":\"2022-05-16T15:10:11+00:00\",\"dateModified\":\"2022-05-16T22:19:05+00:00\",\"description\":\"Boya oceanogr\u00e1fica\",\"breadcrumb\":{\"@id\":\"https:\\\/\\\/bentos.cl\\\/ventas\\\/producto\\\/toughboy-buoy-panchax-1-2\\\/#breadcrumb\"},\"inLanguage\":\"es\",\"potentialAction\":[{\"@type\":\"ReadAction\",\"target\":[\"https:\\\/\\\/bentos.cl\\\/ventas\\\/producto\\\/toughboy-buoy-panchax-1-2\\\/\"]}]},{\"@type\":\"ImageObject\",\"inLanguage\":\"es\",\"@id\":\"https:\\\/\\\/bentos.cl\\\/ventas\\\/producto\\\/toughboy-buoy-panchax-1-2\\\/#primaryimage\",\"url\":\"https:\\\/\\\/bentos.cl\\\/ventas\\\/wp-content\\\/uploads\\\/2022\\\/05\\\/E.TB_.PA_.ADCP300.jpg\",\"contentUrl\":\"https:\\\/\\\/bentos.cl\\\/ventas\\\/wp-content\\\/uploads\\\/2022\\\/05\\\/E.TB_.PA_.ADCP300.jpg\",\"width\":1920,\"height\":1080},{\"@type\":\"BreadcrumbList\",\"@id\":\"https:\\\/\\\/bentos.cl\\\/ventas\\\/producto\\\/toughboy-buoy-panchax-1-2\\\/#breadcrumb\",\"itemListElement\":[{\"@type\":\"ListItem\",\"position\":1,\"name\":\"Home\",\"item\":\"https:\\\/\\\/bentos.cl\\\/ventas\\\/\"},{\"@type\":\"ListItem\",\"position\":2,\"name\":\"Tienda\",\"item\":\"https:\\\/\\\/bentos.cl\\\/ventas\\\/tienda\\\/\"},{\"@type\":\"ListItem\",\"position\":3,\"name\":\"BOYA TOUGHBOY PANCHAX 1.2\"}]},{\"@type\":\"WebSite\",\"@id\":\"https:\\\/\\\/bentos.cl\\\/ventas\\\/#website\",\"url\":\"https:\\\/\\\/bentos.cl\\\/ventas\\\/\",\"name\":\"Ventas Bentos\",\"description\":\"Equipos a pedido\",\"potentialAction\":[{\"@type\":\"SearchAction\",\"target\":{\"@type\":\"EntryPoint\",\"urlTemplate\":\"https:\\\/\\\/bentos.cl\\\/ventas\\\/?s={search_term_string}\"},\"query-input\":{\"@type\":\"PropertyValueSpecification\",\"valueRequired\":true,\"valueName\":\"search_term_string\"}}],\"inLanguage\":\"es\"}]}<\/script>\n<!-- \/ Yoast SEO plugin. -->","yoast_head_json":{"title":"BOYA TOUGHBOY PANCHAX 1.2 - Ventas Bentos","description":"Boya oceanogr\u00e1fica","robots":{"index":"index","follow":"follow","max-snippet":"max-snippet:-1","max-image-preview":"max-image-preview:large","max-video-preview":"max-video-preview:-1"},"canonical":"https:\/\/bentos.cl\/ventas\/producto\/toughboy-buoy-panchax-1-2\/","og_locale":"es_ES","og_type":"article","og_title":"BOYA TOUGHBOY PANCHAX 1.2 - Ventas Bentos","og_description":"Boya oceanogr\u00e1fica","og_url":"https:\/\/bentos.cl\/ventas\/producto\/toughboy-buoy-panchax-1-2\/","og_site_name":"Ventas Bentos","article_modified_time":"2022-05-16T22:19:05+00:00","og_image":[{"width":1920,"height":1080,"url":"https:\/\/bentos.cl\/ventas\/wp-content\/uploads\/2022\/05\/E.TB_.PA_.ADCP300.jpg","type":"image\/jpeg"}],"twitter_card":"summary_large_image","twitter_misc":{"Tiempo de lectura":"1 minuto"},"schema":{"@context":"https:\/\/schema.org","@graph":[{"@type":"WebPage","@id":"https:\/\/bentos.cl\/ventas\/producto\/toughboy-buoy-panchax-1-2\/","url":"https:\/\/bentos.cl\/ventas\/producto\/toughboy-buoy-panchax-1-2\/","name":"BOYA TOUGHBOY PANCHAX 1.2 - Ventas Bentos","isPartOf":{"@id":"https:\/\/bentos.cl\/ventas\/#website"},"primaryImageOfPage":{"@id":"https:\/\/bentos.cl\/ventas\/producto\/toughboy-buoy-panchax-1-2\/#primaryimage"},"image":{"@id":"https:\/\/bentos.cl\/ventas\/producto\/toughboy-buoy-panchax-1-2\/#primaryimage"},"thumbnailUrl":"https:\/\/bentos.cl\/ventas\/wp-content\/uploads\/2022\/05\/E.TB_.PA_.ADCP300.jpg","datePublished":"2022-05-16T15:10:11+00:00","dateModified":"2022-05-16T22:19:05+00:00","description":"Boya oceanogr\u00e1fica","breadcrumb":{"@id":"https:\/\/bentos.cl\/ventas\/producto\/toughboy-buoy-panchax-1-2\/#breadcrumb"},"inLanguage":"es","potentialAction":[{"@type":"ReadAction","target":["https:\/\/bentos.cl\/ventas\/producto\/toughboy-buoy-panchax-1-2\/"]}]},{"@type":"ImageObject","inLanguage":"es","@id":"https:\/\/bentos.cl\/ventas\/producto\/toughboy-buoy-panchax-1-2\/#primaryimage","url":"https:\/\/bentos.cl\/ventas\/wp-content\/uploads\/2022\/05\/E.TB_.PA_.ADCP300.jpg","contentUrl":"https:\/\/bentos.cl\/ventas\/wp-content\/uploads\/2022\/05\/E.TB_.PA_.ADCP300.jpg","width":1920,"height":1080},{"@type":"BreadcrumbList","@id":"https:\/\/bentos.cl\/ventas\/producto\/toughboy-buoy-panchax-1-2\/#breadcrumb","itemListElement":[{"@type":"ListItem","position":1,"name":"Home","item":"https:\/\/bentos.cl\/ventas\/"},{"@type":"ListItem","position":2,"name":"Tienda","item":"https:\/\/bentos.cl\/ventas\/tienda\/"},{"@type":"ListItem","position":3,"name":"BOYA TOUGHBOY PANCHAX 1.2"}]},{"@type":"WebSite","@id":"https:\/\/bentos.cl\/ventas\/#website","url":"https:\/\/bentos.cl\/ventas\/","name":"Ventas Bentos","description":"Equipos a pedido","potentialAction":[{"@type":"SearchAction","target":{"@type":"EntryPoint","urlTemplate":"https:\/\/bentos.cl\/ventas\/?s={search_term_string}"},"query-input":{"@type":"PropertyValueSpecification","valueRequired":true,"valueName":"search_term_string"}}],"inLanguage":"es"}]}},"jetpack_sharing_enabled":true,"_links":{"self":[{"href":"https:\/\/bentos.cl\/ventas\/wp-json\/wp\/v2\/product\/5501","targetHints":{"allow":["GET"]}}],"collection":[{"href":"https:\/\/bentos.cl\/ventas\/wp-json\/wp\/v2\/product"}],"about":[{"href":"https:\/\/bentos.cl\/ventas\/wp-json\/wp\/v2\/types\/product"}],"replies":[{"embeddable":true,"href":"https:\/\/bentos.cl\/ventas\/wp-json\/wp\/v2\/comments?post=5501"}],"wp:featuredmedia":[{"embeddable":true,"href":"https:\/\/bentos.cl\/ventas\/wp-json\/wp\/v2\/media\/5503"}],"wp:attachment":[{"href":"https:\/\/bentos.cl\/ventas\/wp-json\/wp\/v2\/media?parent=5501"}],"wp:term":[{"taxonomy":"product_brand","embeddable":true,"href":"https:\/\/bentos.cl\/ventas\/wp-json\/wp\/v2\/product_brand?post=5501"},{"taxonomy":"product_cat","embeddable":true,"href":"https:\/\/bentos.cl\/ventas\/wp-json\/wp\/v2\/product_cat?post=5501"},{"taxonomy":"product_tag","embeddable":true,"href":"https:\/\/bentos.cl\/ventas\/wp-json\/wp\/v2\/product_tag?post=5501"}],"curies":[{"name":"wp","href":"https:\/\/api.w.org\/{rel}","templated":true}]}}