{"id":5462,"date":"2022-05-10T06:07:54","date_gmt":"2022-05-10T06:07:54","guid":{"rendered":"https:\/\/bentos.cl\/ventas\/?post_type=product&#038;p=5462"},"modified":"2022-05-10T06:09:35","modified_gmt":"2022-05-10T06:09:35","slug":"bali-usv-200","status":"publish","type":"product","link":"https:\/\/bentos.cl\/ventas\/producto\/bali-usv-200\/","title":{"rendered":"BALI USV 200"},"content":{"rendered":"<p>BALI USV200 es una soluci\u00f3n completa de levantamiento batim\u00e9trico, f\u00e1cil de operar y extremadamente precisa. Se encuentra equipado con un ecosonda monohaz de frecuencia simple (SF) o de frecuencia doble (DF), pudiendo realizar batimetr\u00edas hasta 200 m de profundidad, con una precisi\u00f3n centim\u00e9trica. El BALI USV200 tambi\u00e9n puede ser equipado con un ecosonda multihaz. El posicionamiento se realiza mediante GPS doble frecuencia en modo RTK o GNSS. En la operaci\u00f3n de este USV, s\u00f3lo se necesita un operador para desplegar y trabajar. La estructura es de fibra de carbono, lo que facilita su transporte. El piloto autom\u00e1tico y telemetr\u00eda en tiempo real, es un gran avance en los levantamientos batim\u00e9tricos y en los aspectos de seguridad de la operaci\u00f3n<\/p>\n","protected":false},"excerpt":{"rendered":"<p><iframe loading=\"lazy\" title=\"YouTube video player\" src=\"https:\/\/www.youtube.com\/embed\/NNRr9GbE9hs\" width=\"560\" height=\"315\" frameborder=\"0\" allowfullscreen=\"allowfullscreen\"><\/iframe><\/p>\n","protected":false},"featured_media":5464,"comment_status":"open","ping_status":"closed","template":"","meta":{"nf_dc_page":"","om_disable_all_campaigns":false},"product_brand":[],"product_cat":[42],"product_tag":[],"class_list":{"0":"post-5462","1":"product","2":"type-product","3":"status-publish","4":"has-post-thumbnail","6":"product_cat-suv","8":"first","9":"instock","10":"shipping-taxable","11":"product-type-simple"},"yoast_head":"<!-- This site is optimized with the Yoast SEO plugin v27.4 - https:\/\/yoast.com\/product\/yoast-seo-wordpress\/ -->\n<title>BALI USV 200 - Ventas Bentos<\/title>\n<meta name=\"robots\" content=\"index, follow, max-snippet:-1, max-image-preview:large, max-video-preview:-1\" \/>\n<link rel=\"canonical\" href=\"https:\/\/bentos.cl\/ventas\/producto\/bali-usv-200\/\" \/>\n<meta property=\"og:locale\" content=\"es_ES\" \/>\n<meta property=\"og:type\" content=\"article\" \/>\n<meta property=\"og:title\" content=\"BALI USV 200 - Ventas Bentos\" \/>\n<meta property=\"og:url\" content=\"https:\/\/bentos.cl\/ventas\/producto\/bali-usv-200\/\" \/>\n<meta property=\"og:site_name\" content=\"Ventas Bentos\" \/>\n<meta property=\"article:modified_time\" content=\"2022-05-10T06:09:35+00:00\" \/>\n<meta property=\"og:image\" content=\"https:\/\/bentos.cl\/ventas\/wp-content\/uploads\/2022\/05\/USV-200-derriere.png\" \/>\n\t<meta property=\"og:image:width\" content=\"2000\" \/>\n\t<meta property=\"og:image:height\" content=\"1125\" \/>\n\t<meta property=\"og:image:type\" content=\"image\/png\" \/>\n<meta name=\"twitter:card\" content=\"summary_large_image\" \/>\n<meta name=\"twitter:label1\" content=\"Tiempo de lectura\" \/>\n\t<meta name=\"twitter:data1\" content=\"1 minuto\" \/>\n<script type=\"application\/ld+json\" class=\"yoast-schema-graph\">{\"@context\":\"https:\\\/\\\/schema.org\",\"@graph\":[{\"@type\":\"WebPage\",\"@id\":\"https:\\\/\\\/bentos.cl\\\/ventas\\\/producto\\\/bali-usv-200\\\/\",\"url\":\"https:\\\/\\\/bentos.cl\\\/ventas\\\/producto\\\/bali-usv-200\\\/\",\"name\":\"BALI USV 200 - Ventas Bentos\",\"isPartOf\":{\"@id\":\"https:\\\/\\\/bentos.cl\\\/ventas\\\/#website\"},\"primaryImageOfPage\":{\"@id\":\"https:\\\/\\\/bentos.cl\\\/ventas\\\/producto\\\/bali-usv-200\\\/#primaryimage\"},\"image\":{\"@id\":\"https:\\\/\\\/bentos.cl\\\/ventas\\\/producto\\\/bali-usv-200\\\/#primaryimage\"},\"thumbnailUrl\":\"https:\\\/\\\/bentos.cl\\\/ventas\\\/wp-content\\\/uploads\\\/2022\\\/05\\\/USV-200-derriere.png\",\"datePublished\":\"2022-05-10T06:07:54+00:00\",\"dateModified\":\"2022-05-10T06:09:35+00:00\",\"breadcrumb\":{\"@id\":\"https:\\\/\\\/bentos.cl\\\/ventas\\\/producto\\\/bali-usv-200\\\/#breadcrumb\"},\"inLanguage\":\"es\",\"potentialAction\":[{\"@type\":\"ReadAction\",\"target\":[\"https:\\\/\\\/bentos.cl\\\/ventas\\\/producto\\\/bali-usv-200\\\/\"]}]},{\"@type\":\"ImageObject\",\"inLanguage\":\"es\",\"@id\":\"https:\\\/\\\/bentos.cl\\\/ventas\\\/producto\\\/bali-usv-200\\\/#primaryimage\",\"url\":\"https:\\\/\\\/bentos.cl\\\/ventas\\\/wp-content\\\/uploads\\\/2022\\\/05\\\/USV-200-derriere.png\",\"contentUrl\":\"https:\\\/\\\/bentos.cl\\\/ventas\\\/wp-content\\\/uploads\\\/2022\\\/05\\\/USV-200-derriere.png\",\"width\":2000,\"height\":1125},{\"@type\":\"BreadcrumbList\",\"@id\":\"https:\\\/\\\/bentos.cl\\\/ventas\\\/producto\\\/bali-usv-200\\\/#breadcrumb\",\"itemListElement\":[{\"@type\":\"ListItem\",\"position\":1,\"name\":\"Home\",\"item\":\"https:\\\/\\\/bentos.cl\\\/ventas\\\/\"},{\"@type\":\"ListItem\",\"position\":2,\"name\":\"Tienda\",\"item\":\"https:\\\/\\\/bentos.cl\\\/ventas\\\/tienda\\\/\"},{\"@type\":\"ListItem\",\"position\":3,\"name\":\"BALI USV 200\"}]},{\"@type\":\"WebSite\",\"@id\":\"https:\\\/\\\/bentos.cl\\\/ventas\\\/#website\",\"url\":\"https:\\\/\\\/bentos.cl\\\/ventas\\\/\",\"name\":\"Ventas Bentos\",\"description\":\"Equipos a pedido\",\"potentialAction\":[{\"@type\":\"SearchAction\",\"target\":{\"@type\":\"EntryPoint\",\"urlTemplate\":\"https:\\\/\\\/bentos.cl\\\/ventas\\\/?s={search_term_string}\"},\"query-input\":{\"@type\":\"PropertyValueSpecification\",\"valueRequired\":true,\"valueName\":\"search_term_string\"}}],\"inLanguage\":\"es\"}]}<\/script>\n<!-- \/ Yoast SEO plugin. -->","yoast_head_json":{"title":"BALI USV 200 - Ventas Bentos","robots":{"index":"index","follow":"follow","max-snippet":"max-snippet:-1","max-image-preview":"max-image-preview:large","max-video-preview":"max-video-preview:-1"},"canonical":"https:\/\/bentos.cl\/ventas\/producto\/bali-usv-200\/","og_locale":"es_ES","og_type":"article","og_title":"BALI USV 200 - Ventas Bentos","og_url":"https:\/\/bentos.cl\/ventas\/producto\/bali-usv-200\/","og_site_name":"Ventas Bentos","article_modified_time":"2022-05-10T06:09:35+00:00","og_image":[{"width":2000,"height":1125,"url":"https:\/\/bentos.cl\/ventas\/wp-content\/uploads\/2022\/05\/USV-200-derriere.png","type":"image\/png"}],"twitter_card":"summary_large_image","twitter_misc":{"Tiempo de lectura":"1 minuto"},"schema":{"@context":"https:\/\/schema.org","@graph":[{"@type":"WebPage","@id":"https:\/\/bentos.cl\/ventas\/producto\/bali-usv-200\/","url":"https:\/\/bentos.cl\/ventas\/producto\/bali-usv-200\/","name":"BALI USV 200 - Ventas Bentos","isPartOf":{"@id":"https:\/\/bentos.cl\/ventas\/#website"},"primaryImageOfPage":{"@id":"https:\/\/bentos.cl\/ventas\/producto\/bali-usv-200\/#primaryimage"},"image":{"@id":"https:\/\/bentos.cl\/ventas\/producto\/bali-usv-200\/#primaryimage"},"thumbnailUrl":"https:\/\/bentos.cl\/ventas\/wp-content\/uploads\/2022\/05\/USV-200-derriere.png","datePublished":"2022-05-10T06:07:54+00:00","dateModified":"2022-05-10T06:09:35+00:00","breadcrumb":{"@id":"https:\/\/bentos.cl\/ventas\/producto\/bali-usv-200\/#breadcrumb"},"inLanguage":"es","potentialAction":[{"@type":"ReadAction","target":["https:\/\/bentos.cl\/ventas\/producto\/bali-usv-200\/"]}]},{"@type":"ImageObject","inLanguage":"es","@id":"https:\/\/bentos.cl\/ventas\/producto\/bali-usv-200\/#primaryimage","url":"https:\/\/bentos.cl\/ventas\/wp-content\/uploads\/2022\/05\/USV-200-derriere.png","contentUrl":"https:\/\/bentos.cl\/ventas\/wp-content\/uploads\/2022\/05\/USV-200-derriere.png","width":2000,"height":1125},{"@type":"BreadcrumbList","@id":"https:\/\/bentos.cl\/ventas\/producto\/bali-usv-200\/#breadcrumb","itemListElement":[{"@type":"ListItem","position":1,"name":"Home","item":"https:\/\/bentos.cl\/ventas\/"},{"@type":"ListItem","position":2,"name":"Tienda","item":"https:\/\/bentos.cl\/ventas\/tienda\/"},{"@type":"ListItem","position":3,"name":"BALI USV 200"}]},{"@type":"WebSite","@id":"https:\/\/bentos.cl\/ventas\/#website","url":"https:\/\/bentos.cl\/ventas\/","name":"Ventas Bentos","description":"Equipos a pedido","potentialAction":[{"@type":"SearchAction","target":{"@type":"EntryPoint","urlTemplate":"https:\/\/bentos.cl\/ventas\/?s={search_term_string}"},"query-input":{"@type":"PropertyValueSpecification","valueRequired":true,"valueName":"search_term_string"}}],"inLanguage":"es"}]}},"jetpack_sharing_enabled":true,"_links":{"self":[{"href":"https:\/\/bentos.cl\/ventas\/wp-json\/wp\/v2\/product\/5462","targetHints":{"allow":["GET"]}}],"collection":[{"href":"https:\/\/bentos.cl\/ventas\/wp-json\/wp\/v2\/product"}],"about":[{"href":"https:\/\/bentos.cl\/ventas\/wp-json\/wp\/v2\/types\/product"}],"replies":[{"embeddable":true,"href":"https:\/\/bentos.cl\/ventas\/wp-json\/wp\/v2\/comments?post=5462"}],"wp:featuredmedia":[{"embeddable":true,"href":"https:\/\/bentos.cl\/ventas\/wp-json\/wp\/v2\/media\/5464"}],"wp:attachment":[{"href":"https:\/\/bentos.cl\/ventas\/wp-json\/wp\/v2\/media?parent=5462"}],"wp:term":[{"taxonomy":"product_brand","embeddable":true,"href":"https:\/\/bentos.cl\/ventas\/wp-json\/wp\/v2\/product_brand?post=5462"},{"taxonomy":"product_cat","embeddable":true,"href":"https:\/\/bentos.cl\/ventas\/wp-json\/wp\/v2\/product_cat?post=5462"},{"taxonomy":"product_tag","embeddable":true,"href":"https:\/\/bentos.cl\/ventas\/wp-json\/wp\/v2\/product_tag?post=5462"}],"curies":[{"name":"wp","href":"https:\/\/api.w.org\/{rel}","templated":true}]}}