{"id":5456,"date":"2022-05-10T06:03:19","date_gmt":"2022-05-10T06:03:19","guid":{"rendered":"https:\/\/bentos.cl\/ventas\/?post_type=product&#038;p=5456"},"modified":"2025-09-01T02:10:22","modified_gmt":"2025-09-01T02:10:22","slug":"z-boat-1250","status":"publish","type":"product","link":"https:\/\/bentos.cl\/ventas\/producto\/z-boat-1250\/","title":{"rendered":"Z Boat 1250"},"content":{"rendered":"<p>Teledyne Oceanscience Z-Boats\u00ae es la opci\u00f3n n\u00famero uno para realizar batimetr\u00edas confiables y controladas a distancia en arroyos, r\u00edos, lagos, tranques de relave, operaciones mineras y aguas costeras de todo el mundo. Ya sea que necesite reducir el tiempo de levantamiento, mantener a las personas seguras durante condiciones peligrosas de trabajo o acceder a lugares de dif\u00edcil acceso. El Z-Boat 1250 es f\u00e1cil de operar, posee un ecosonda monohaz integrado, un transceptor integrado con procesamiento de se\u00f1al digital, emite profundidad y temperatura utilizando la salida de datos NMEA 0183.\t\t\t\t\t\t<\/p>\n","protected":false},"excerpt":{"rendered":"<p><iframe loading=\"lazy\" title=\"YouTube video player\" src=\"https:\/\/www.youtube.com\/embed\/tYTmxvQvovQ\" width=\"560\" height=\"315\" frameborder=\"0\" allowfullscreen=\"allowfullscreen\"><\/iframe><\/p>\n","protected":false},"featured_media":5460,"comment_status":"open","ping_status":"closed","template":"","meta":{"nf_dc_page":"","om_disable_all_campaigns":false},"product_brand":[],"product_cat":[42],"product_tag":[],"class_list":{"0":"post-5456","1":"product","2":"type-product","3":"status-publish","4":"has-post-thumbnail","6":"product_cat-suv","8":"first","9":"instock","10":"shipping-taxable","11":"product-type-simple"},"yoast_head":"<!-- This site is optimized with the Yoast SEO plugin v27.4 - https:\/\/yoast.com\/product\/yoast-seo-wordpress\/ -->\n<title>Z Boat 1250 - Ventas Bentos<\/title>\n<meta name=\"robots\" content=\"index, follow, max-snippet:-1, max-image-preview:large, max-video-preview:-1\" \/>\n<link rel=\"canonical\" href=\"https:\/\/bentos.cl\/ventas\/producto\/z-boat-1250\/\" \/>\n<meta property=\"og:locale\" content=\"es_ES\" \/>\n<meta property=\"og:type\" content=\"article\" \/>\n<meta property=\"og:title\" content=\"Z Boat 1250 - Ventas Bentos\" \/>\n<meta property=\"og:url\" content=\"https:\/\/bentos.cl\/ventas\/producto\/z-boat-1250\/\" \/>\n<meta property=\"og:site_name\" content=\"Ventas Bentos\" \/>\n<meta property=\"article:modified_time\" content=\"2025-09-01T02:10:22+00:00\" \/>\n<meta property=\"og:image\" content=\"https:\/\/bentos.cl\/ventas\/wp-content\/uploads\/2022\/05\/email-image-Zboat-1250.jpg\" \/>\n\t<meta property=\"og:image:width\" content=\"560\" \/>\n\t<meta property=\"og:image:height\" content=\"300\" \/>\n\t<meta property=\"og:image:type\" content=\"image\/jpeg\" \/>\n<meta name=\"twitter:card\" content=\"summary_large_image\" \/>\n<script type=\"application\/ld+json\" class=\"yoast-schema-graph\">{\"@context\":\"https:\\\/\\\/schema.org\",\"@graph\":[{\"@type\":\"WebPage\",\"@id\":\"https:\\\/\\\/bentos.cl\\\/ventas\\\/producto\\\/z-boat-1250\\\/\",\"url\":\"https:\\\/\\\/bentos.cl\\\/ventas\\\/producto\\\/z-boat-1250\\\/\",\"name\":\"Z Boat 1250 - Ventas Bentos\",\"isPartOf\":{\"@id\":\"https:\\\/\\\/bentos.cl\\\/ventas\\\/#website\"},\"primaryImageOfPage\":{\"@id\":\"https:\\\/\\\/bentos.cl\\\/ventas\\\/producto\\\/z-boat-1250\\\/#primaryimage\"},\"image\":{\"@id\":\"https:\\\/\\\/bentos.cl\\\/ventas\\\/producto\\\/z-boat-1250\\\/#primaryimage\"},\"thumbnailUrl\":\"https:\\\/\\\/bentos.cl\\\/ventas\\\/wp-content\\\/uploads\\\/2022\\\/05\\\/email-image-Zboat-1250.jpg\",\"datePublished\":\"2022-05-10T06:03:19+00:00\",\"dateModified\":\"2025-09-01T02:10:22+00:00\",\"breadcrumb\":{\"@id\":\"https:\\\/\\\/bentos.cl\\\/ventas\\\/producto\\\/z-boat-1250\\\/#breadcrumb\"},\"inLanguage\":\"es\",\"potentialAction\":[{\"@type\":\"ReadAction\",\"target\":[\"https:\\\/\\\/bentos.cl\\\/ventas\\\/producto\\\/z-boat-1250\\\/\"]}]},{\"@type\":\"ImageObject\",\"inLanguage\":\"es\",\"@id\":\"https:\\\/\\\/bentos.cl\\\/ventas\\\/producto\\\/z-boat-1250\\\/#primaryimage\",\"url\":\"https:\\\/\\\/bentos.cl\\\/ventas\\\/wp-content\\\/uploads\\\/2022\\\/05\\\/email-image-Zboat-1250.jpg\",\"contentUrl\":\"https:\\\/\\\/bentos.cl\\\/ventas\\\/wp-content\\\/uploads\\\/2022\\\/05\\\/email-image-Zboat-1250.jpg\",\"width\":560,\"height\":300,\"caption\":\"Z-Boat 1250\"},{\"@type\":\"BreadcrumbList\",\"@id\":\"https:\\\/\\\/bentos.cl\\\/ventas\\\/producto\\\/z-boat-1250\\\/#breadcrumb\",\"itemListElement\":[{\"@type\":\"ListItem\",\"position\":1,\"name\":\"Home\",\"item\":\"https:\\\/\\\/bentos.cl\\\/ventas\\\/\"},{\"@type\":\"ListItem\",\"position\":2,\"name\":\"Tienda\",\"item\":\"https:\\\/\\\/bentos.cl\\\/ventas\\\/tienda\\\/\"},{\"@type\":\"ListItem\",\"position\":3,\"name\":\"Z Boat 1250\"}]},{\"@type\":\"WebSite\",\"@id\":\"https:\\\/\\\/bentos.cl\\\/ventas\\\/#website\",\"url\":\"https:\\\/\\\/bentos.cl\\\/ventas\\\/\",\"name\":\"Ventas Bentos\",\"description\":\"Equipos a pedido\",\"potentialAction\":[{\"@type\":\"SearchAction\",\"target\":{\"@type\":\"EntryPoint\",\"urlTemplate\":\"https:\\\/\\\/bentos.cl\\\/ventas\\\/?s={search_term_string}\"},\"query-input\":{\"@type\":\"PropertyValueSpecification\",\"valueRequired\":true,\"valueName\":\"search_term_string\"}}],\"inLanguage\":\"es\"}]}<\/script>\n<!-- \/ Yoast SEO plugin. -->","yoast_head_json":{"title":"Z Boat 1250 - Ventas Bentos","robots":{"index":"index","follow":"follow","max-snippet":"max-snippet:-1","max-image-preview":"max-image-preview:large","max-video-preview":"max-video-preview:-1"},"canonical":"https:\/\/bentos.cl\/ventas\/producto\/z-boat-1250\/","og_locale":"es_ES","og_type":"article","og_title":"Z Boat 1250 - Ventas Bentos","og_url":"https:\/\/bentos.cl\/ventas\/producto\/z-boat-1250\/","og_site_name":"Ventas Bentos","article_modified_time":"2025-09-01T02:10:22+00:00","og_image":[{"width":560,"height":300,"url":"https:\/\/bentos.cl\/ventas\/wp-content\/uploads\/2022\/05\/email-image-Zboat-1250.jpg","type":"image\/jpeg"}],"twitter_card":"summary_large_image","schema":{"@context":"https:\/\/schema.org","@graph":[{"@type":"WebPage","@id":"https:\/\/bentos.cl\/ventas\/producto\/z-boat-1250\/","url":"https:\/\/bentos.cl\/ventas\/producto\/z-boat-1250\/","name":"Z Boat 1250 - Ventas Bentos","isPartOf":{"@id":"https:\/\/bentos.cl\/ventas\/#website"},"primaryImageOfPage":{"@id":"https:\/\/bentos.cl\/ventas\/producto\/z-boat-1250\/#primaryimage"},"image":{"@id":"https:\/\/bentos.cl\/ventas\/producto\/z-boat-1250\/#primaryimage"},"thumbnailUrl":"https:\/\/bentos.cl\/ventas\/wp-content\/uploads\/2022\/05\/email-image-Zboat-1250.jpg","datePublished":"2022-05-10T06:03:19+00:00","dateModified":"2025-09-01T02:10:22+00:00","breadcrumb":{"@id":"https:\/\/bentos.cl\/ventas\/producto\/z-boat-1250\/#breadcrumb"},"inLanguage":"es","potentialAction":[{"@type":"ReadAction","target":["https:\/\/bentos.cl\/ventas\/producto\/z-boat-1250\/"]}]},{"@type":"ImageObject","inLanguage":"es","@id":"https:\/\/bentos.cl\/ventas\/producto\/z-boat-1250\/#primaryimage","url":"https:\/\/bentos.cl\/ventas\/wp-content\/uploads\/2022\/05\/email-image-Zboat-1250.jpg","contentUrl":"https:\/\/bentos.cl\/ventas\/wp-content\/uploads\/2022\/05\/email-image-Zboat-1250.jpg","width":560,"height":300,"caption":"Z-Boat 1250"},{"@type":"BreadcrumbList","@id":"https:\/\/bentos.cl\/ventas\/producto\/z-boat-1250\/#breadcrumb","itemListElement":[{"@type":"ListItem","position":1,"name":"Home","item":"https:\/\/bentos.cl\/ventas\/"},{"@type":"ListItem","position":2,"name":"Tienda","item":"https:\/\/bentos.cl\/ventas\/tienda\/"},{"@type":"ListItem","position":3,"name":"Z Boat 1250"}]},{"@type":"WebSite","@id":"https:\/\/bentos.cl\/ventas\/#website","url":"https:\/\/bentos.cl\/ventas\/","name":"Ventas Bentos","description":"Equipos a pedido","potentialAction":[{"@type":"SearchAction","target":{"@type":"EntryPoint","urlTemplate":"https:\/\/bentos.cl\/ventas\/?s={search_term_string}"},"query-input":{"@type":"PropertyValueSpecification","valueRequired":true,"valueName":"search_term_string"}}],"inLanguage":"es"}]}},"jetpack_sharing_enabled":true,"_links":{"self":[{"href":"https:\/\/bentos.cl\/ventas\/wp-json\/wp\/v2\/product\/5456","targetHints":{"allow":["GET"]}}],"collection":[{"href":"https:\/\/bentos.cl\/ventas\/wp-json\/wp\/v2\/product"}],"about":[{"href":"https:\/\/bentos.cl\/ventas\/wp-json\/wp\/v2\/types\/product"}],"replies":[{"embeddable":true,"href":"https:\/\/bentos.cl\/ventas\/wp-json\/wp\/v2\/comments?post=5456"}],"wp:featuredmedia":[{"embeddable":true,"href":"https:\/\/bentos.cl\/ventas\/wp-json\/wp\/v2\/media\/5460"}],"wp:attachment":[{"href":"https:\/\/bentos.cl\/ventas\/wp-json\/wp\/v2\/media?parent=5456"}],"wp:term":[{"taxonomy":"product_brand","embeddable":true,"href":"https:\/\/bentos.cl\/ventas\/wp-json\/wp\/v2\/product_brand?post=5456"},{"taxonomy":"product_cat","embeddable":true,"href":"https:\/\/bentos.cl\/ventas\/wp-json\/wp\/v2\/product_cat?post=5456"},{"taxonomy":"product_tag","embeddable":true,"href":"https:\/\/bentos.cl\/ventas\/wp-json\/wp\/v2\/product_tag?post=5456"}],"curies":[{"name":"wp","href":"https:\/\/api.w.org\/{rel}","templated":true}]}}