{"id":5448,"date":"2022-05-10T05:55:01","date_gmt":"2022-05-10T05:55:01","guid":{"rendered":"https:\/\/bentos.cl\/ventas\/?post_type=product&#038;p=5448"},"modified":"2022-05-10T05:55:02","modified_gmt":"2022-05-10T05:55:02","slug":"z-boat-1800rp","status":"publish","type":"product","link":"https:\/\/bentos.cl\/ventas\/producto\/z-boat-1800rp\/","title":{"rendered":"Z BOAT 1800RP"},"content":{"rendered":"<p>&#8220;El Teledyne Oceanscience Z-Boat\u00ae 1800RP posee un nuevo dise\u00f1o robusto y un pozo de sensores intercambiable, ofrece una opci\u00f3n completamente nueva para la batimetr\u00eda de alta resoluci\u00f3n en aguas poco profundas. Permite obtener datos de batimetr\u00eda multihaz donde los m\u00e9todos convencionales no son factibles o seguros, evitando movilizar un bote de trabajo o una embarcaci\u00f3n de oportunidad. El Z-Boat 1800RP utiliza telemetr\u00eda de radio avanzada para ofrecer estudios hidrogr\u00e1ficos operados a distancia. Todos los datos son accesibles en tiempo real, lo que le proporciona al operador un control total sobre el proceso de levantamiento. La navegaci\u00f3n del Z-Boat es f\u00e1cil utilizando la posici\u00f3n y el rumbo GNSS disponibles a bordo, informaci\u00f3n que visualiza en forma remota el operador. El procesamiento de datos est\u00e1 disponible en tiempo real a trav\u00e9s de CARIS OnboardT<br \/>\n&#8221;\t\t\t\t\t\t<\/p>\n","protected":false},"excerpt":{"rendered":"<p><iframe loading=\"lazy\" width=\"560\" height=\"315\" src=\"https:\/\/www.youtube.com\/embed\/IVdM_vivAIc\" title=\"YouTube video player\" frameborder=\"0\" allow=\"accelerometer; autoplay; clipboard-write; encrypted-media; gyroscope; picture-in-picture\" allowfullscreen><\/iframe><\/p>\n","protected":false},"featured_media":5449,"comment_status":"open","ping_status":"closed","template":"","meta":{"nf_dc_page":"","om_disable_all_campaigns":false},"product_brand":[],"product_cat":[42],"product_tag":[],"class_list":{"0":"post-5448","1":"product","2":"type-product","3":"status-publish","4":"has-post-thumbnail","6":"product_cat-suv","8":"first","9":"instock","10":"shipping-taxable","11":"product-type-simple"},"yoast_head":"<!-- This site is optimized with the Yoast SEO plugin v27.4 - https:\/\/yoast.com\/product\/yoast-seo-wordpress\/ -->\n<title>Z BOAT 1800RP - Ventas Bentos<\/title>\n<meta name=\"robots\" content=\"index, follow, max-snippet:-1, max-image-preview:large, max-video-preview:-1\" \/>\n<link rel=\"canonical\" href=\"https:\/\/bentos.cl\/ventas\/producto\/z-boat-1800rp\/\" \/>\n<meta property=\"og:locale\" content=\"es_ES\" \/>\n<meta property=\"og:type\" content=\"article\" \/>\n<meta property=\"og:title\" content=\"Z BOAT 1800RP - Ventas Bentos\" \/>\n<meta property=\"og:url\" content=\"https:\/\/bentos.cl\/ventas\/producto\/z-boat-1800rp\/\" \/>\n<meta property=\"og:site_name\" content=\"Ventas Bentos\" \/>\n<meta property=\"article:modified_time\" content=\"2022-05-10T05:55:02+00:00\" \/>\n<meta property=\"og:image\" content=\"https:\/\/bentos.cl\/ventas\/wp-content\/uploads\/2022\/05\/ZBoat_Ruggedized_3in_wide.png\" \/>\n\t<meta property=\"og:image:width\" content=\"600\" \/>\n\t<meta property=\"og:image:height\" content=\"359\" \/>\n\t<meta property=\"og:image:type\" content=\"image\/png\" \/>\n<meta name=\"twitter:card\" content=\"summary_large_image\" \/>\n<meta name=\"twitter:label1\" content=\"Tiempo de lectura\" \/>\n\t<meta name=\"twitter:data1\" content=\"1 minuto\" \/>\n<script type=\"application\/ld+json\" class=\"yoast-schema-graph\">{\"@context\":\"https:\\\/\\\/schema.org\",\"@graph\":[{\"@type\":\"WebPage\",\"@id\":\"https:\\\/\\\/bentos.cl\\\/ventas\\\/producto\\\/z-boat-1800rp\\\/\",\"url\":\"https:\\\/\\\/bentos.cl\\\/ventas\\\/producto\\\/z-boat-1800rp\\\/\",\"name\":\"Z BOAT 1800RP - Ventas Bentos\",\"isPartOf\":{\"@id\":\"https:\\\/\\\/bentos.cl\\\/ventas\\\/#website\"},\"primaryImageOfPage\":{\"@id\":\"https:\\\/\\\/bentos.cl\\\/ventas\\\/producto\\\/z-boat-1800rp\\\/#primaryimage\"},\"image\":{\"@id\":\"https:\\\/\\\/bentos.cl\\\/ventas\\\/producto\\\/z-boat-1800rp\\\/#primaryimage\"},\"thumbnailUrl\":\"https:\\\/\\\/bentos.cl\\\/ventas\\\/wp-content\\\/uploads\\\/2022\\\/05\\\/ZBoat_Ruggedized_3in_wide.png\",\"datePublished\":\"2022-05-10T05:55:01+00:00\",\"dateModified\":\"2022-05-10T05:55:02+00:00\",\"breadcrumb\":{\"@id\":\"https:\\\/\\\/bentos.cl\\\/ventas\\\/producto\\\/z-boat-1800rp\\\/#breadcrumb\"},\"inLanguage\":\"es\",\"potentialAction\":[{\"@type\":\"ReadAction\",\"target\":[\"https:\\\/\\\/bentos.cl\\\/ventas\\\/producto\\\/z-boat-1800rp\\\/\"]}]},{\"@type\":\"ImageObject\",\"inLanguage\":\"es\",\"@id\":\"https:\\\/\\\/bentos.cl\\\/ventas\\\/producto\\\/z-boat-1800rp\\\/#primaryimage\",\"url\":\"https:\\\/\\\/bentos.cl\\\/ventas\\\/wp-content\\\/uploads\\\/2022\\\/05\\\/ZBoat_Ruggedized_3in_wide.png\",\"contentUrl\":\"https:\\\/\\\/bentos.cl\\\/ventas\\\/wp-content\\\/uploads\\\/2022\\\/05\\\/ZBoat_Ruggedized_3in_wide.png\",\"width\":600,\"height\":359},{\"@type\":\"BreadcrumbList\",\"@id\":\"https:\\\/\\\/bentos.cl\\\/ventas\\\/producto\\\/z-boat-1800rp\\\/#breadcrumb\",\"itemListElement\":[{\"@type\":\"ListItem\",\"position\":1,\"name\":\"Home\",\"item\":\"https:\\\/\\\/bentos.cl\\\/ventas\\\/\"},{\"@type\":\"ListItem\",\"position\":2,\"name\":\"Tienda\",\"item\":\"https:\\\/\\\/bentos.cl\\\/ventas\\\/tienda\\\/\"},{\"@type\":\"ListItem\",\"position\":3,\"name\":\"Z BOAT 1800RP\"}]},{\"@type\":\"WebSite\",\"@id\":\"https:\\\/\\\/bentos.cl\\\/ventas\\\/#website\",\"url\":\"https:\\\/\\\/bentos.cl\\\/ventas\\\/\",\"name\":\"Ventas Bentos\",\"description\":\"Equipos a pedido\",\"potentialAction\":[{\"@type\":\"SearchAction\",\"target\":{\"@type\":\"EntryPoint\",\"urlTemplate\":\"https:\\\/\\\/bentos.cl\\\/ventas\\\/?s={search_term_string}\"},\"query-input\":{\"@type\":\"PropertyValueSpecification\",\"valueRequired\":true,\"valueName\":\"search_term_string\"}}],\"inLanguage\":\"es\"}]}<\/script>\n<!-- \/ Yoast SEO plugin. -->","yoast_head_json":{"title":"Z BOAT 1800RP - Ventas Bentos","robots":{"index":"index","follow":"follow","max-snippet":"max-snippet:-1","max-image-preview":"max-image-preview:large","max-video-preview":"max-video-preview:-1"},"canonical":"https:\/\/bentos.cl\/ventas\/producto\/z-boat-1800rp\/","og_locale":"es_ES","og_type":"article","og_title":"Z BOAT 1800RP - Ventas Bentos","og_url":"https:\/\/bentos.cl\/ventas\/producto\/z-boat-1800rp\/","og_site_name":"Ventas Bentos","article_modified_time":"2022-05-10T05:55:02+00:00","og_image":[{"width":600,"height":359,"url":"https:\/\/bentos.cl\/ventas\/wp-content\/uploads\/2022\/05\/ZBoat_Ruggedized_3in_wide.png","type":"image\/png"}],"twitter_card":"summary_large_image","twitter_misc":{"Tiempo de lectura":"1 minuto"},"schema":{"@context":"https:\/\/schema.org","@graph":[{"@type":"WebPage","@id":"https:\/\/bentos.cl\/ventas\/producto\/z-boat-1800rp\/","url":"https:\/\/bentos.cl\/ventas\/producto\/z-boat-1800rp\/","name":"Z BOAT 1800RP - Ventas Bentos","isPartOf":{"@id":"https:\/\/bentos.cl\/ventas\/#website"},"primaryImageOfPage":{"@id":"https:\/\/bentos.cl\/ventas\/producto\/z-boat-1800rp\/#primaryimage"},"image":{"@id":"https:\/\/bentos.cl\/ventas\/producto\/z-boat-1800rp\/#primaryimage"},"thumbnailUrl":"https:\/\/bentos.cl\/ventas\/wp-content\/uploads\/2022\/05\/ZBoat_Ruggedized_3in_wide.png","datePublished":"2022-05-10T05:55:01+00:00","dateModified":"2022-05-10T05:55:02+00:00","breadcrumb":{"@id":"https:\/\/bentos.cl\/ventas\/producto\/z-boat-1800rp\/#breadcrumb"},"inLanguage":"es","potentialAction":[{"@type":"ReadAction","target":["https:\/\/bentos.cl\/ventas\/producto\/z-boat-1800rp\/"]}]},{"@type":"ImageObject","inLanguage":"es","@id":"https:\/\/bentos.cl\/ventas\/producto\/z-boat-1800rp\/#primaryimage","url":"https:\/\/bentos.cl\/ventas\/wp-content\/uploads\/2022\/05\/ZBoat_Ruggedized_3in_wide.png","contentUrl":"https:\/\/bentos.cl\/ventas\/wp-content\/uploads\/2022\/05\/ZBoat_Ruggedized_3in_wide.png","width":600,"height":359},{"@type":"BreadcrumbList","@id":"https:\/\/bentos.cl\/ventas\/producto\/z-boat-1800rp\/#breadcrumb","itemListElement":[{"@type":"ListItem","position":1,"name":"Home","item":"https:\/\/bentos.cl\/ventas\/"},{"@type":"ListItem","position":2,"name":"Tienda","item":"https:\/\/bentos.cl\/ventas\/tienda\/"},{"@type":"ListItem","position":3,"name":"Z BOAT 1800RP"}]},{"@type":"WebSite","@id":"https:\/\/bentos.cl\/ventas\/#website","url":"https:\/\/bentos.cl\/ventas\/","name":"Ventas Bentos","description":"Equipos a pedido","potentialAction":[{"@type":"SearchAction","target":{"@type":"EntryPoint","urlTemplate":"https:\/\/bentos.cl\/ventas\/?s={search_term_string}"},"query-input":{"@type":"PropertyValueSpecification","valueRequired":true,"valueName":"search_term_string"}}],"inLanguage":"es"}]}},"jetpack_sharing_enabled":true,"_links":{"self":[{"href":"https:\/\/bentos.cl\/ventas\/wp-json\/wp\/v2\/product\/5448","targetHints":{"allow":["GET"]}}],"collection":[{"href":"https:\/\/bentos.cl\/ventas\/wp-json\/wp\/v2\/product"}],"about":[{"href":"https:\/\/bentos.cl\/ventas\/wp-json\/wp\/v2\/types\/product"}],"replies":[{"embeddable":true,"href":"https:\/\/bentos.cl\/ventas\/wp-json\/wp\/v2\/comments?post=5448"}],"wp:featuredmedia":[{"embeddable":true,"href":"https:\/\/bentos.cl\/ventas\/wp-json\/wp\/v2\/media\/5449"}],"wp:attachment":[{"href":"https:\/\/bentos.cl\/ventas\/wp-json\/wp\/v2\/media?parent=5448"}],"wp:term":[{"taxonomy":"product_brand","embeddable":true,"href":"https:\/\/bentos.cl\/ventas\/wp-json\/wp\/v2\/product_brand?post=5448"},{"taxonomy":"product_cat","embeddable":true,"href":"https:\/\/bentos.cl\/ventas\/wp-json\/wp\/v2\/product_cat?post=5448"},{"taxonomy":"product_tag","embeddable":true,"href":"https:\/\/bentos.cl\/ventas\/wp-json\/wp\/v2\/product_tag?post=5448"}],"curies":[{"name":"wp","href":"https:\/\/api.w.org\/{rel}","templated":true}]}}