{"id":5436,"date":"2022-05-10T05:43:40","date_gmt":"2022-05-10T05:43:40","guid":{"rendered":"https:\/\/bentos.cl\/ventas\/?post_type=product&#038;p=5436"},"modified":"2022-05-10T05:43:40","modified_gmt":"2022-05-10T05:43:40","slug":"sea-raptor-auv","status":"publish","type":"product","link":"https:\/\/bentos.cl\/ventas\/producto\/sea-raptor-auv\/","title":{"rendered":"SEA RAPTOR AUV"},"content":{"rendered":"<p>El SEARAPTOR\u2122 es un veh\u00edculo submarino aut\u00f3nomo (AUV) de aguas profundas, dise\u00f1ado para operar a profundidades abisales. Una amplia gama de sensores permite al SeaRaptor\u2122 completar varios tipos de misiones, que incluyen: b\u00fasqueda de \u00e1rea amplia con sonar de barrido lateral (SSS), levantamiento hidrogr\u00e1fico con ecosonda multihaz (MB)y perfilador del subsuelo marino (SBP), y estudio de inspecci\u00f3n de alta resoluci\u00f3n con c\u00e1mara y sonar ac\u00fastico\t\t\t\t\t<\/p>\n","protected":false},"excerpt":{"rendered":"<p><iframe loading=\"lazy\" width=\"560\" height=\"315\" src=\"https:\/\/www.youtube.com\/embed\/eR8TQ2rXTbE\" title=\"YouTube video player\" frameborder=\"0\" allow=\"accelerometer; autoplay; clipboard-write; encrypted-media; gyroscope; picture-in-picture\" allowfullscreen><\/iframe><\/p>\n","protected":false},"featured_media":0,"comment_status":"open","ping_status":"closed","template":"","meta":{"nf_dc_page":"","om_disable_all_campaigns":false},"product_brand":[],"product_cat":[41],"product_tag":[],"class_list":{"0":"post-5436","1":"product","2":"type-product","3":"status-publish","5":"product_cat-auv","7":"first","8":"instock","9":"shipping-taxable","10":"product-type-simple"},"yoast_head":"<!-- This site is optimized with the Yoast SEO plugin v27.4 - https:\/\/yoast.com\/product\/yoast-seo-wordpress\/ -->\n<title>SEA RAPTOR AUV - Ventas Bentos<\/title>\n<meta name=\"robots\" content=\"index, follow, max-snippet:-1, max-image-preview:large, max-video-preview:-1\" \/>\n<link rel=\"canonical\" href=\"https:\/\/bentos.cl\/ventas\/producto\/sea-raptor-auv\/\" \/>\n<meta property=\"og:locale\" content=\"es_ES\" \/>\n<meta property=\"og:type\" content=\"article\" \/>\n<meta property=\"og:title\" content=\"SEA RAPTOR AUV - Ventas Bentos\" \/>\n<meta property=\"og:url\" content=\"https:\/\/bentos.cl\/ventas\/producto\/sea-raptor-auv\/\" \/>\n<meta property=\"og:site_name\" content=\"Ventas Bentos\" \/>\n<meta name=\"twitter:card\" content=\"summary_large_image\" \/>\n<script type=\"application\/ld+json\" class=\"yoast-schema-graph\">{\"@context\":\"https:\\\/\\\/schema.org\",\"@graph\":[{\"@type\":\"WebPage\",\"@id\":\"https:\\\/\\\/bentos.cl\\\/ventas\\\/producto\\\/sea-raptor-auv\\\/\",\"url\":\"https:\\\/\\\/bentos.cl\\\/ventas\\\/producto\\\/sea-raptor-auv\\\/\",\"name\":\"SEA RAPTOR AUV - Ventas Bentos\",\"isPartOf\":{\"@id\":\"https:\\\/\\\/bentos.cl\\\/ventas\\\/#website\"},\"datePublished\":\"2022-05-10T05:43:40+00:00\",\"breadcrumb\":{\"@id\":\"https:\\\/\\\/bentos.cl\\\/ventas\\\/producto\\\/sea-raptor-auv\\\/#breadcrumb\"},\"inLanguage\":\"es\",\"potentialAction\":[{\"@type\":\"ReadAction\",\"target\":[\"https:\\\/\\\/bentos.cl\\\/ventas\\\/producto\\\/sea-raptor-auv\\\/\"]}]},{\"@type\":\"BreadcrumbList\",\"@id\":\"https:\\\/\\\/bentos.cl\\\/ventas\\\/producto\\\/sea-raptor-auv\\\/#breadcrumb\",\"itemListElement\":[{\"@type\":\"ListItem\",\"position\":1,\"name\":\"Home\",\"item\":\"https:\\\/\\\/bentos.cl\\\/ventas\\\/\"},{\"@type\":\"ListItem\",\"position\":2,\"name\":\"Tienda\",\"item\":\"https:\\\/\\\/bentos.cl\\\/ventas\\\/tienda\\\/\"},{\"@type\":\"ListItem\",\"position\":3,\"name\":\"SEA RAPTOR AUV\"}]},{\"@type\":\"WebSite\",\"@id\":\"https:\\\/\\\/bentos.cl\\\/ventas\\\/#website\",\"url\":\"https:\\\/\\\/bentos.cl\\\/ventas\\\/\",\"name\":\"Ventas Bentos\",\"description\":\"Equipos a pedido\",\"potentialAction\":[{\"@type\":\"SearchAction\",\"target\":{\"@type\":\"EntryPoint\",\"urlTemplate\":\"https:\\\/\\\/bentos.cl\\\/ventas\\\/?s={search_term_string}\"},\"query-input\":{\"@type\":\"PropertyValueSpecification\",\"valueRequired\":true,\"valueName\":\"search_term_string\"}}],\"inLanguage\":\"es\"}]}<\/script>\n<!-- \/ Yoast SEO plugin. -->","yoast_head_json":{"title":"SEA RAPTOR AUV - Ventas Bentos","robots":{"index":"index","follow":"follow","max-snippet":"max-snippet:-1","max-image-preview":"max-image-preview:large","max-video-preview":"max-video-preview:-1"},"canonical":"https:\/\/bentos.cl\/ventas\/producto\/sea-raptor-auv\/","og_locale":"es_ES","og_type":"article","og_title":"SEA RAPTOR AUV - Ventas Bentos","og_url":"https:\/\/bentos.cl\/ventas\/producto\/sea-raptor-auv\/","og_site_name":"Ventas Bentos","twitter_card":"summary_large_image","schema":{"@context":"https:\/\/schema.org","@graph":[{"@type":"WebPage","@id":"https:\/\/bentos.cl\/ventas\/producto\/sea-raptor-auv\/","url":"https:\/\/bentos.cl\/ventas\/producto\/sea-raptor-auv\/","name":"SEA RAPTOR AUV - Ventas Bentos","isPartOf":{"@id":"https:\/\/bentos.cl\/ventas\/#website"},"datePublished":"2022-05-10T05:43:40+00:00","breadcrumb":{"@id":"https:\/\/bentos.cl\/ventas\/producto\/sea-raptor-auv\/#breadcrumb"},"inLanguage":"es","potentialAction":[{"@type":"ReadAction","target":["https:\/\/bentos.cl\/ventas\/producto\/sea-raptor-auv\/"]}]},{"@type":"BreadcrumbList","@id":"https:\/\/bentos.cl\/ventas\/producto\/sea-raptor-auv\/#breadcrumb","itemListElement":[{"@type":"ListItem","position":1,"name":"Home","item":"https:\/\/bentos.cl\/ventas\/"},{"@type":"ListItem","position":2,"name":"Tienda","item":"https:\/\/bentos.cl\/ventas\/tienda\/"},{"@type":"ListItem","position":3,"name":"SEA RAPTOR AUV"}]},{"@type":"WebSite","@id":"https:\/\/bentos.cl\/ventas\/#website","url":"https:\/\/bentos.cl\/ventas\/","name":"Ventas Bentos","description":"Equipos a pedido","potentialAction":[{"@type":"SearchAction","target":{"@type":"EntryPoint","urlTemplate":"https:\/\/bentos.cl\/ventas\/?s={search_term_string}"},"query-input":{"@type":"PropertyValueSpecification","valueRequired":true,"valueName":"search_term_string"}}],"inLanguage":"es"}]}},"jetpack_sharing_enabled":true,"_links":{"self":[{"href":"https:\/\/bentos.cl\/ventas\/wp-json\/wp\/v2\/product\/5436","targetHints":{"allow":["GET"]}}],"collection":[{"href":"https:\/\/bentos.cl\/ventas\/wp-json\/wp\/v2\/product"}],"about":[{"href":"https:\/\/bentos.cl\/ventas\/wp-json\/wp\/v2\/types\/product"}],"replies":[{"embeddable":true,"href":"https:\/\/bentos.cl\/ventas\/wp-json\/wp\/v2\/comments?post=5436"}],"wp:attachment":[{"href":"https:\/\/bentos.cl\/ventas\/wp-json\/wp\/v2\/media?parent=5436"}],"wp:term":[{"taxonomy":"product_brand","embeddable":true,"href":"https:\/\/bentos.cl\/ventas\/wp-json\/wp\/v2\/product_brand?post=5436"},{"taxonomy":"product_cat","embeddable":true,"href":"https:\/\/bentos.cl\/ventas\/wp-json\/wp\/v2\/product_cat?post=5436"},{"taxonomy":"product_tag","embeddable":true,"href":"https:\/\/bentos.cl\/ventas\/wp-json\/wp\/v2\/product_tag?post=5436"}],"curies":[{"name":"wp","href":"https:\/\/api.w.org\/{rel}","templated":true}]}}