{"id":5412,"date":"2022-05-09T20:48:00","date_gmt":"2022-05-09T20:48:00","guid":{"rendered":"https:\/\/bentos.cl\/ventas\/?post_type=product&#038;p=5412"},"modified":"2026-04-15T05:09:00","modified_gmt":"2026-04-15T05:09:00","slug":"hypack-office","status":"publish","type":"product","link":"https:\/\/bentos.cl\/ventas\/producto\/hypack-office\/","title":{"rendered":"HYPACK\u00ae OFFICE"},"content":{"rendered":"<p>HYPACK OFFICE corresponde a la versi\u00f3n de oficina de Hypack MAX. Hypack OFFICE le permite utilizar todas las caracter\u00edsticas de Hypack MAX, a excepci\u00f3n de la recolecci\u00f3n de datos. Hypack OFFICE permite configurar una oficina adicional para el procesamiento de datos en tierra o para supervisar los datos recolectados en terreno desde tierra.<\/p>\n","protected":false},"excerpt":{"rendered":"<p>HYPACK OFFICE corresponde a la versi\u00f3n de oficina de Hypack MAX. Hypack OFFICE le permite&#8230;<\/p>\n","protected":false},"featured_media":5427,"comment_status":"open","ping_status":"closed","template":"","meta":{"nf_dc_page":"","om_disable_all_campaigns":false},"product_brand":[],"product_cat":[40],"product_tag":[],"class_list":{"0":"post-5412","1":"product","2":"type-product","3":"status-publish","4":"has-post-thumbnail","6":"product_cat-software","8":"first","9":"instock","10":"shipping-taxable","11":"product-type-simple"},"yoast_head":"<!-- This site is optimized with the Yoast SEO plugin v27.4 - https:\/\/yoast.com\/product\/yoast-seo-wordpress\/ -->\n<title>HYPACK\u00ae OFFICE - Ventas Bentos<\/title>\n<meta name=\"robots\" content=\"index, follow, max-snippet:-1, max-image-preview:large, max-video-preview:-1\" \/>\n<link rel=\"canonical\" href=\"https:\/\/bentos.cl\/ventas\/producto\/hypack-office\/\" \/>\n<meta property=\"og:locale\" content=\"es_ES\" \/>\n<meta property=\"og:type\" content=\"article\" \/>\n<meta property=\"og:title\" content=\"HYPACK\u00ae OFFICE - Ventas Bentos\" \/>\n<meta property=\"og:description\" content=\"HYPACK OFFICE corresponde a la versi\u00f3n de oficina de Hypack MAX. Hypack OFFICE le permite...\" \/>\n<meta property=\"og:url\" content=\"https:\/\/bentos.cl\/ventas\/producto\/hypack-office\/\" \/>\n<meta property=\"og:site_name\" content=\"Ventas Bentos\" \/>\n<meta property=\"article:modified_time\" content=\"2026-04-15T05:09:00+00:00\" \/>\n<meta property=\"og:image\" content=\"https:\/\/bentos.cl\/ventas\/wp-content\/uploads\/2022\/05\/thumb_HYPACK-OFFICE-Box.jpg\" \/>\n\t<meta property=\"og:image:width\" content=\"200\" \/>\n\t<meta property=\"og:image:height\" content=\"200\" \/>\n\t<meta property=\"og:image:type\" content=\"image\/jpeg\" \/>\n<meta name=\"twitter:card\" content=\"summary_large_image\" \/>\n<script type=\"application\/ld+json\" class=\"yoast-schema-graph\">{\"@context\":\"https:\\\/\\\/schema.org\",\"@graph\":[{\"@type\":\"WebPage\",\"@id\":\"https:\\\/\\\/bentos.cl\\\/ventas\\\/producto\\\/hypack-office\\\/\",\"url\":\"https:\\\/\\\/bentos.cl\\\/ventas\\\/producto\\\/hypack-office\\\/\",\"name\":\"HYPACK\u00ae OFFICE - Ventas Bentos\",\"isPartOf\":{\"@id\":\"https:\\\/\\\/bentos.cl\\\/ventas\\\/#website\"},\"primaryImageOfPage\":{\"@id\":\"https:\\\/\\\/bentos.cl\\\/ventas\\\/producto\\\/hypack-office\\\/#primaryimage\"},\"image\":{\"@id\":\"https:\\\/\\\/bentos.cl\\\/ventas\\\/producto\\\/hypack-office\\\/#primaryimage\"},\"thumbnailUrl\":\"https:\\\/\\\/bentos.cl\\\/ventas\\\/wp-content\\\/uploads\\\/2022\\\/05\\\/thumb_HYPACK-OFFICE-Box.jpg\",\"datePublished\":\"2022-05-09T20:48:00+00:00\",\"dateModified\":\"2026-04-15T05:09:00+00:00\",\"breadcrumb\":{\"@id\":\"https:\\\/\\\/bentos.cl\\\/ventas\\\/producto\\\/hypack-office\\\/#breadcrumb\"},\"inLanguage\":\"es\",\"potentialAction\":[{\"@type\":\"ReadAction\",\"target\":[\"https:\\\/\\\/bentos.cl\\\/ventas\\\/producto\\\/hypack-office\\\/\"]}]},{\"@type\":\"ImageObject\",\"inLanguage\":\"es\",\"@id\":\"https:\\\/\\\/bentos.cl\\\/ventas\\\/producto\\\/hypack-office\\\/#primaryimage\",\"url\":\"https:\\\/\\\/bentos.cl\\\/ventas\\\/wp-content\\\/uploads\\\/2022\\\/05\\\/thumb_HYPACK-OFFICE-Box.jpg\",\"contentUrl\":\"https:\\\/\\\/bentos.cl\\\/ventas\\\/wp-content\\\/uploads\\\/2022\\\/05\\\/thumb_HYPACK-OFFICE-Box.jpg\",\"width\":200,\"height\":200},{\"@type\":\"BreadcrumbList\",\"@id\":\"https:\\\/\\\/bentos.cl\\\/ventas\\\/producto\\\/hypack-office\\\/#breadcrumb\",\"itemListElement\":[{\"@type\":\"ListItem\",\"position\":1,\"name\":\"Home\",\"item\":\"https:\\\/\\\/bentos.cl\\\/ventas\\\/\"},{\"@type\":\"ListItem\",\"position\":2,\"name\":\"Tienda\",\"item\":\"https:\\\/\\\/bentos.cl\\\/ventas\\\/tienda\\\/\"},{\"@type\":\"ListItem\",\"position\":3,\"name\":\"HYPACK\u00ae OFFICE\"}]},{\"@type\":\"WebSite\",\"@id\":\"https:\\\/\\\/bentos.cl\\\/ventas\\\/#website\",\"url\":\"https:\\\/\\\/bentos.cl\\\/ventas\\\/\",\"name\":\"Ventas Bentos\",\"description\":\"Equipos a pedido\",\"potentialAction\":[{\"@type\":\"SearchAction\",\"target\":{\"@type\":\"EntryPoint\",\"urlTemplate\":\"https:\\\/\\\/bentos.cl\\\/ventas\\\/?s={search_term_string}\"},\"query-input\":{\"@type\":\"PropertyValueSpecification\",\"valueRequired\":true,\"valueName\":\"search_term_string\"}}],\"inLanguage\":\"es\"}]}<\/script>\n<!-- \/ Yoast SEO plugin. -->","yoast_head_json":{"title":"HYPACK\u00ae OFFICE - Ventas Bentos","robots":{"index":"index","follow":"follow","max-snippet":"max-snippet:-1","max-image-preview":"max-image-preview:large","max-video-preview":"max-video-preview:-1"},"canonical":"https:\/\/bentos.cl\/ventas\/producto\/hypack-office\/","og_locale":"es_ES","og_type":"article","og_title":"HYPACK\u00ae OFFICE - Ventas Bentos","og_description":"HYPACK OFFICE corresponde a la versi\u00f3n de oficina de Hypack MAX. Hypack OFFICE le permite...","og_url":"https:\/\/bentos.cl\/ventas\/producto\/hypack-office\/","og_site_name":"Ventas Bentos","article_modified_time":"2026-04-15T05:09:00+00:00","og_image":[{"width":200,"height":200,"url":"https:\/\/bentos.cl\/ventas\/wp-content\/uploads\/2022\/05\/thumb_HYPACK-OFFICE-Box.jpg","type":"image\/jpeg"}],"twitter_card":"summary_large_image","schema":{"@context":"https:\/\/schema.org","@graph":[{"@type":"WebPage","@id":"https:\/\/bentos.cl\/ventas\/producto\/hypack-office\/","url":"https:\/\/bentos.cl\/ventas\/producto\/hypack-office\/","name":"HYPACK\u00ae OFFICE - Ventas Bentos","isPartOf":{"@id":"https:\/\/bentos.cl\/ventas\/#website"},"primaryImageOfPage":{"@id":"https:\/\/bentos.cl\/ventas\/producto\/hypack-office\/#primaryimage"},"image":{"@id":"https:\/\/bentos.cl\/ventas\/producto\/hypack-office\/#primaryimage"},"thumbnailUrl":"https:\/\/bentos.cl\/ventas\/wp-content\/uploads\/2022\/05\/thumb_HYPACK-OFFICE-Box.jpg","datePublished":"2022-05-09T20:48:00+00:00","dateModified":"2026-04-15T05:09:00+00:00","breadcrumb":{"@id":"https:\/\/bentos.cl\/ventas\/producto\/hypack-office\/#breadcrumb"},"inLanguage":"es","potentialAction":[{"@type":"ReadAction","target":["https:\/\/bentos.cl\/ventas\/producto\/hypack-office\/"]}]},{"@type":"ImageObject","inLanguage":"es","@id":"https:\/\/bentos.cl\/ventas\/producto\/hypack-office\/#primaryimage","url":"https:\/\/bentos.cl\/ventas\/wp-content\/uploads\/2022\/05\/thumb_HYPACK-OFFICE-Box.jpg","contentUrl":"https:\/\/bentos.cl\/ventas\/wp-content\/uploads\/2022\/05\/thumb_HYPACK-OFFICE-Box.jpg","width":200,"height":200},{"@type":"BreadcrumbList","@id":"https:\/\/bentos.cl\/ventas\/producto\/hypack-office\/#breadcrumb","itemListElement":[{"@type":"ListItem","position":1,"name":"Home","item":"https:\/\/bentos.cl\/ventas\/"},{"@type":"ListItem","position":2,"name":"Tienda","item":"https:\/\/bentos.cl\/ventas\/tienda\/"},{"@type":"ListItem","position":3,"name":"HYPACK\u00ae OFFICE"}]},{"@type":"WebSite","@id":"https:\/\/bentos.cl\/ventas\/#website","url":"https:\/\/bentos.cl\/ventas\/","name":"Ventas Bentos","description":"Equipos a pedido","potentialAction":[{"@type":"SearchAction","target":{"@type":"EntryPoint","urlTemplate":"https:\/\/bentos.cl\/ventas\/?s={search_term_string}"},"query-input":{"@type":"PropertyValueSpecification","valueRequired":true,"valueName":"search_term_string"}}],"inLanguage":"es"}]}},"jetpack_sharing_enabled":true,"_links":{"self":[{"href":"https:\/\/bentos.cl\/ventas\/wp-json\/wp\/v2\/product\/5412","targetHints":{"allow":["GET"]}}],"collection":[{"href":"https:\/\/bentos.cl\/ventas\/wp-json\/wp\/v2\/product"}],"about":[{"href":"https:\/\/bentos.cl\/ventas\/wp-json\/wp\/v2\/types\/product"}],"replies":[{"embeddable":true,"href":"https:\/\/bentos.cl\/ventas\/wp-json\/wp\/v2\/comments?post=5412"}],"wp:featuredmedia":[{"embeddable":true,"href":"https:\/\/bentos.cl\/ventas\/wp-json\/wp\/v2\/media\/5427"}],"wp:attachment":[{"href":"https:\/\/bentos.cl\/ventas\/wp-json\/wp\/v2\/media?parent=5412"}],"wp:term":[{"taxonomy":"product_brand","embeddable":true,"href":"https:\/\/bentos.cl\/ventas\/wp-json\/wp\/v2\/product_brand?post=5412"},{"taxonomy":"product_cat","embeddable":true,"href":"https:\/\/bentos.cl\/ventas\/wp-json\/wp\/v2\/product_cat?post=5412"},{"taxonomy":"product_tag","embeddable":true,"href":"https:\/\/bentos.cl\/ventas\/wp-json\/wp\/v2\/product_tag?post=5412"}],"curies":[{"name":"wp","href":"https:\/\/api.w.org\/{rel}","templated":true}]}}